{"id":9,"date":"2011-12-28T11:16:32","date_gmt":"2011-12-28T11:16:32","guid":{"rendered":"http:\/\/www.taichi-lueth.ch\/?page_id=9"},"modified":"2021-03-11T09:39:22","modified_gmt":"2021-03-11T09:39:22","slug":"tai-chi","status":"publish","type":"page","link":"https:\/\/www.taichi-lueth.ch\/?page_id=9","title":{"rendered":"Tai Chi"},"content":{"rendered":"<table style=\"width: 376px; height: 400px;\" border=\"0\" cellspacing=\"0\" cellpadding=\"0\" align=\"center\">\n<tbody>\n<tr>\n<td width=\"217\" height=\"49\"><\/td>\n<td width=\"217\" height=\"49\">\n<h2>Tai Chi<\/h2>\n<\/td>\n<td width=\"160\" height=\"49\"><img loading=\"lazy\" decoding=\"async\" class=\"alignright\" src=\"http:\/\/www.taichi-lueth.ch\/wp-content\/uploads\/2011\/12\/faecher.jpg\" alt=\"\" width=\"150\" height=\"64\" align=\"right\" \/><\/td>\n<\/tr>\n<tr style=\"background-image: url('http:\/\/www.taichi-lueth.ch\/wp-content\/uploads\/2011\/12\/Quadrat-Kopie.jpg');\">\n<td width=\"377\" height=\"331\">\n<div id=\"Layer2\"><\/div>\n<\/td>\n<td colspan=\"2\" width=\"377\" height=\"331\">\n<div id=\"Layer2\">Tai Chi sind l\u00e4ngere Bewegungsabl\u00e4ufe, die urspr\u00fcnglich in China entwickelt wurden. Sie werden als \u201eKunst der Meditation in Bewegung\u201c, Gesundheitsvorsorge oder Kampfkunst vermittelt. Der meditative Aspekt und die Bewegungskunst bilden den Schwerpunkt des Kursangebotes.<\/div>\n<p><strong>Die Unterrichtsziele an der Schule von Doris Lueth<\/strong><\/p>\n<ul>\n<li>Erlernen der wundersch\u00f6nen Bewegungen<\/li>\n<li>&#8220; In Ber\u00fchrung kommen\u201c mit der eigenen inneren Ruhe, der eigenen Kraftquelle und einer tiefen Lebensfreude<\/li>\n<li>Die Selbstheilungskr\u00e4fte aktivieren<\/li>\n<li>mit sich selbst in Einklang kommen<\/li>\n<\/ul>\n<p>Kurze Texte\/Gedichte zum Abschluss des Unterrichts bringen den philosophischen Hintergrund\/Kontext n\u00e4her.<\/td>\n<\/tr>\n<tr>\n<td width=\"217\" height=\"83\"><\/td>\n<td width=\"217\" height=\"83\">Details zu den vermittelten Stilen in: <a href=\"http:\/\/www.taichi-lueth.ch\/?page_id=52\">Tai Chi Repertoire<\/a><\/td>\n<td width=\"160\" height=\"83\">\n<p align=\"center\"><a href=\"http:\/\/www.taichi-lueth.ch\/wp-content\/uploads\/2011\/12\/1-ohne.jpg\"><img loading=\"lazy\" decoding=\"async\" src=\"http:\/\/www.taichi-lueth.ch\/wp-content\/uploads\/2011\/12\/1-ohne.jpg\" alt=\"\" width=\"92\" height=\"163\" align=\"right\" \/><\/a><\/p>\n<\/td>\n<\/tr>\n<\/tbody>\n<\/table>\n","protected":false},"excerpt":{"rendered":"<p>Tai Chi Tai Chi sind l\u00e4ngere Bewegungsabl\u00e4ufe, die urspr\u00fcnglich in China entwickelt wurden. Sie werden als \u201eKunst der Meditation in Bewegung\u201c, Gesundheitsvorsorge oder Kampfkunst vermittelt. Der meditative Aspekt und die Bewegungskunst bilden den Schwerpunkt des Kursangebotes. Die Unterrichtsziele an der Schule von Doris Lueth Erlernen der wundersch\u00f6nen Bewegungen &#8220; In Ber\u00fchrung kommen\u201c mit der eigenen [&hellip;]<\/p>\n","protected":false},"author":3,"featured_media":0,"parent":0,"menu_order":0,"comment_status":"closed","ping_status":"closed","template":"","meta":{"footnotes":""},"class_list":["post-9","page","type-page","status-publish","hentry"],"_links":{"self":[{"href":"https:\/\/www.taichi-lueth.ch\/index.php?rest_route=\/wp\/v2\/pages\/9","targetHints":{"allow":["GET"]}}],"collection":[{"href":"https:\/\/www.taichi-lueth.ch\/index.php?rest_route=\/wp\/v2\/pages"}],"about":[{"href":"https:\/\/www.taichi-lueth.ch\/index.php?rest_route=\/wp\/v2\/types\/page"}],"author":[{"embeddable":true,"href":"https:\/\/www.taichi-lueth.ch\/index.php?rest_route=\/wp\/v2\/users\/3"}],"replies":[{"embeddable":true,"href":"https:\/\/www.taichi-lueth.ch\/index.php?rest_route=%2Fwp%2Fv2%2Fcomments&post=9"}],"version-history":[{"count":36,"href":"https:\/\/www.taichi-lueth.ch\/index.php?rest_route=\/wp\/v2\/pages\/9\/revisions"}],"predecessor-version":[{"id":1240,"href":"https:\/\/www.taichi-lueth.ch\/index.php?rest_route=\/wp\/v2\/pages\/9\/revisions\/1240"}],"wp:attachment":[{"href":"https:\/\/www.taichi-lueth.ch\/index.php?rest_route=%2Fwp%2Fv2%2Fmedia&parent=9"}],"curies":[{"name":"wp","href":"https:\/\/api.w.org\/{rel}","templated":true}]}}