{"id":55,"date":"2011-12-28T13:21:53","date_gmt":"2011-12-28T13:21:53","guid":{"rendered":"http:\/\/www.taichi-lueth.ch\/?page_id=55"},"modified":"2012-01-04T09:28:53","modified_gmt":"2012-01-04T09:28:53","slug":"qigong-repetoire","status":"publish","type":"page","link":"https:\/\/www.taichi-lueth.ch\/?page_id=55","title":{"rendered":"Qigong Repetoire"},"content":{"rendered":"<table border=\"0\" cellspacing=\"0\" cellpadding=\"0\" align=\"center\">\n<tbody>\n<tr>\n<td width=\"217\" height=\"49\">\n<h2><strong>Qigong Repertoire <\/strong><\/h2>\n<p>&nbsp;<\/td>\n<td width=\"160\" height=\"49\"><img loading=\"lazy\" decoding=\"async\" src=\"http:\/\/www.taichi-lueth.ch\/wp-content\/uploads\/2011\/12\/faecher.jpg\" alt=\"\" width=\"150\" height=\"64\" align=\"right\" \/><\/td>\n<\/tr>\n<tr style=\"background-image: url('http:\/\/www.taichi-lueth.ch\/wp-content\/uploads\/2011\/12\/Quadrat-Kopie.jpg');\">\n<td colspan=\"2\" width=\"377\" height=\"331\">\n<div id=\"Layer3\">\u00a0<\/div>\n<p align=\"justify\">\u00dcber die lange Entstehungs- und Entwicklungsgeschichte des Qigong, die weit in die Zeit vor Christus zur\u00fcckgeht, sind in China viele Hunderte von \u00dcbungssystemen entwickelt worden. Qigong ist ca. 4000 \u2013 5000 Jahre alt. Es wird unterschieden zwischen Qigong aus der traditionellen chinesischen Medizin, buddhistischem Qigong, daoistischem Qigong, konfuzianischem Qigong.<\/p>\n<p>Die an der Schule vermittelten Qigong-\u00dcbungsreihen sind:<\/p>\n<h3>Medizinisches Qigong<\/h3>\n<p><strong>Zang Fu Diao Li- Qigong<em>, <\/em><\/strong><em>f\u00fcnf Innere Organe Qigong<br \/>\n<\/em>Reihe Nr. 1, Reihe Nr. 2 und Reihe Nr. 3<br \/>\nJede Reihe umfasst je eine \u00dcbung f\u00fcr die inneren Organe ( Herz, Lunge, Leber, Magen\/Milz, Niere), zur Kr\u00e4ftigung der Innenorgane und F\u00f6rderung der harmonischen Zusammenarbeit der Innenorgane.<br \/>\n<strong>Ba Duan Jin<\/strong> (acht Brokate oder auch die Seidenweberinnen-\u00dcbungen genannt).<br \/>\n<strong>Wu Chi Qigong<\/strong> , \u00dcbungen f\u00fcr ein langes gesundes Leben.<br \/>\n<strong>Tiang Shen Qigong<\/strong> , zur St\u00e4rkung des K\u00f6rpers.<br \/>\n<strong>Wu Qin Xi<\/strong><em> , <\/em>das Spiel der 5 Tiere<\/p>\n<p><strong>Tai Chi He Gong<em>, <\/em><\/strong><em>Tai Chi Kranich Qigong<strong>, <\/strong><\/em>ein l\u00e4ngerer Ablauf aus 4 Sequenzen. Es gibt rund 30 \u2013 40 Arten des Kranich Qigong (Ursprung: 220 n. chr. mit dem Arzt Hua To). Die an der Schule vermittelte Form entstammt einer alten Kranich-Qigongfamilie und wurde sp\u00e4ter von \u00c4rzten einer bekannten chines. Universit\u00e4tsklinik (Provinz Zhe Ziang) gem\u00e4ss den Erkenntnissen der chines. Medizin weiterentwickelt.<br \/>\nTai Chi-Qigong nennen sich diese Abl\u00e4ufe deshalb, weil sie Fluss und Dynamik des Tai Chi mit konzentrativen Elementen des Qigong vereinen.<br \/>\n<strong>Da Yan Qigong, <\/strong><em>Wildgans Qigong<\/em> , ein l\u00e4ngerer Bewegungsablauf.<br \/>\nDiese Wildgans-Form hat ihre Wurzeln in der taoistischen Tradition und wurde angepasst an die Erkenntnisse des heutigen Medizin-Qigong. Es sind faszinierende, wohltuende, wundersch\u00f6ne Bewegungensabl\u00e4ufe. Die Lebensenergie wird gest\u00e4rkt und angeh\u00e4uft.<\/td>\n<\/tr>\n<tr>\n<td width=\"217\" height=\"83\"><strong>Yi Jin Jing \/ \u201eDie \u00a0Methode\u00a0der Wandlung\u201c <\/strong><\/p>\n<p align=\"left\">eine Reihe von 24 Gesundheits\u00fcbungen, die auch dem Qigong zugeordnet werden, vgl. das gleichnamige Buch von Hans-Peter Sibler \u201eYi Jin Jing\u201c<\/p>\n<p align=\"left\"><strong>Daoistisches\u00a0\u00a0Qigong <\/strong><\/p>\n<p align=\"left\">Ausgew\u00e4hlte Einzel\u00fcbungen aus den daoistischen Qigong Reihen.<\/p>\n<p align=\"left\"><strong>F\u00e4cherqigong \u201eFarbige\u00a0Wolken\u201c <\/strong><\/p>\n<p align=\"justify\">diese F\u00e4cherform wird dem Bewegungsqigong zugeordnet und entstammt der Familientradition von Runjin WU (Wushu-Akademie in Konstanz). Die Bewegungen werden mit einem F\u00e4cher ausgef\u00fchrt. R\u00fccken, Schulterg\u00fcrtel und Brust werden gedehnt, Herz und Lunge weit ge\u00f6ffnet, die Atmung vertieft, etc.<\/p>\n<\/td>\n<td width=\"160\" height=\"83\">\n<p align=\"center\"><a href=\"http:\/\/www.taichi-lueth.ch\/wp-content\/uploads\/2011\/12\/qigong-r.jpg\"><img loading=\"lazy\" decoding=\"async\" class=\"alignnone size-full wp-image-112\" title=\"qigong-r\" src=\"http:\/\/www.taichi-lueth.ch\/wp-content\/uploads\/2011\/12\/qigong-r.jpg\" alt=\"\" width=\"246\" height=\"472\" srcset=\"https:\/\/www.taichi-lueth.ch\/wp-content\/uploads\/2011\/12\/qigong-r.jpg 246w, https:\/\/www.taichi-lueth.ch\/wp-content\/uploads\/2011\/12\/qigong-r-156x300.jpg 156w\" sizes=\"auto, (max-width: 246px) 100vw, 246px\" \/><\/a><\/p>\n<\/td>\n<\/tr>\n<\/tbody>\n<\/table>\n","protected":false},"excerpt":{"rendered":"<p>Qigong Repertoire &nbsp; \u00a0 \u00dcber die lange Entstehungs- und Entwicklungsgeschichte des Qigong, die weit in die Zeit vor Christus zur\u00fcckgeht, sind in China viele Hunderte von \u00dcbungssystemen entwickelt worden. Qigong ist ca. 4000 \u2013 5000 Jahre alt. Es wird unterschieden zwischen Qigong aus der traditionellen chinesischen Medizin, buddhistischem Qigong, daoistischem Qigong, konfuzianischem Qigong. Die an [&hellip;]<\/p>\n","protected":false},"author":3,"featured_media":0,"parent":13,"menu_order":0,"comment_status":"closed","ping_status":"closed","template":"","meta":{"footnotes":""},"class_list":["post-55","page","type-page","status-publish","hentry"],"_links":{"self":[{"href":"https:\/\/www.taichi-lueth.ch\/index.php?rest_route=\/wp\/v2\/pages\/55","targetHints":{"allow":["GET"]}}],"collection":[{"href":"https:\/\/www.taichi-lueth.ch\/index.php?rest_route=\/wp\/v2\/pages"}],"about":[{"href":"https:\/\/www.taichi-lueth.ch\/index.php?rest_route=\/wp\/v2\/types\/page"}],"author":[{"embeddable":true,"href":"https:\/\/www.taichi-lueth.ch\/index.php?rest_route=\/wp\/v2\/users\/3"}],"replies":[{"embeddable":true,"href":"https:\/\/www.taichi-lueth.ch\/index.php?rest_route=%2Fwp%2Fv2%2Fcomments&post=55"}],"version-history":[{"count":13,"href":"https:\/\/www.taichi-lueth.ch\/index.php?rest_route=\/wp\/v2\/pages\/55\/revisions"}],"predecessor-version":[{"id":387,"href":"https:\/\/www.taichi-lueth.ch\/index.php?rest_route=\/wp\/v2\/pages\/55\/revisions\/387"}],"up":[{"embeddable":true,"href":"https:\/\/www.taichi-lueth.ch\/index.php?rest_route=\/wp\/v2\/pages\/13"}],"wp:attachment":[{"href":"https:\/\/www.taichi-lueth.ch\/index.php?rest_route=%2Fwp%2Fv2%2Fmedia&parent=55"}],"curies":[{"name":"wp","href":"https:\/\/api.w.org\/{rel}","templated":true}]}}