{"id":32,"date":"2011-12-28T13:08:05","date_gmt":"2011-12-28T13:08:05","guid":{"rendered":"http:\/\/www.taichi-lueth.ch\/?page_id=32"},"modified":"2021-03-11T09:34:01","modified_gmt":"2021-03-11T09:34:01","slug":"biografie","status":"publish","type":"page","link":"https:\/\/www.taichi-lueth.ch\/?page_id=32","title":{"rendered":"Biografie"},"content":{"rendered":"<table border=\"0\">\n<tbody>\n<tr>\n<td><\/td>\n<td>\n<h2>Der Anfang<\/h2>\n<\/td>\n<td><a href=\"http:\/\/www.taichi-lueth.ch\/wp-content\/uploads\/2011\/12\/faecher1.jpg\"><img loading=\"lazy\" decoding=\"async\" title=\"faecher\" src=\"http:\/\/www.taichi-lueth.ch\/wp-content\/uploads\/2011\/12\/faecher1.jpg\" alt=\"\" width=\"150\" height=\"64\" \/><\/a><\/td>\n<\/tr>\n<tr>\n<td><\/td>\n<td colspan=\"2\">1977, w\u00e4hrend ihrem Studium, begegnet Doris Lueth dem Tai Chi, sp\u00e4ter dem Qigong. Es folgt eine 10-j\u00e4hrige Zeitspanne des Lernens bei asiatischen, europ\u00e4ischen, amerikanischen Lehrern. Im Jahr l987 beginnt Doris Lueth zu unterrichten, zuerst in Thun und Biel, sp\u00e4ter in Bern. Heute unterrichtet sie in Bern und Muri.\u00a0 Doris Lueth ist <strong>dipl. Qigong Lehrerin, Tai Chi Lehrerin, zertifiziert in \u201eart life process\u201c<\/strong> (Tamalpa Institute Kalifornien) und <strong>gentle dance.<\/strong> Mehr Details in <a href=\"http:\/\/www.taichi-lueth.ch\/?page_id=50\">Lebenslauf<\/a><\/td>\n<\/tr>\n<tr>\n<td><\/td>\n<td>Doris Lueth unterrichtet:<br \/>\n&#8211;\u00a0 klassisch traditionelles Tai Chi und\u00a0 Living Tao Tai Chi. F\u00fcr Details vgl. <a href=\"http:\/\/www.taichi-lueth.ch\/?page_id=52\">Repertoire Tai Chi<\/a><br \/>\n&#8211;\u00a0 Qigong,\u00a0 insbes. medizinisches Qigong &#8230;<br \/>\nF\u00fcr Details vgl . <a href=\"http:\/\/www.taichi-lueth.ch\/?page_id=55\">Repertoire Qigong<\/a><\/td>\n<td><a href=\"http:\/\/www.taichi-lueth.ch\/wp-content\/uploads\/2011\/12\/portrait-Kopie.jpg\"><img loading=\"lazy\" decoding=\"async\" title=\"portrait Kopie\" src=\"http:\/\/www.taichi-lueth.ch\/wp-content\/uploads\/2011\/12\/portrait-Kopie.jpg\" alt=\"\" width=\"236\" height=\"185\" \/><\/a><\/td>\n<\/tr>\n<\/tbody>\n<\/table>\n","protected":false},"excerpt":{"rendered":"<p>Der Anfang 1977, w\u00e4hrend ihrem Studium, begegnet Doris Lueth dem Tai Chi, sp\u00e4ter dem Qigong. Es folgt eine 10-j\u00e4hrige Zeitspanne des Lernens bei asiatischen, europ\u00e4ischen, amerikanischen Lehrern. Im Jahr l987 beginnt Doris Lueth zu unterrichten, zuerst in Thun und Biel, sp\u00e4ter in Bern. Heute unterrichtet sie in Bern und Muri.\u00a0 Doris Lueth ist dipl. Qigong [&hellip;]<\/p>\n","protected":false},"author":3,"featured_media":0,"parent":0,"menu_order":0,"comment_status":"closed","ping_status":"closed","template":"","meta":{"footnotes":""},"class_list":["post-32","page","type-page","status-publish","hentry"],"_links":{"self":[{"href":"https:\/\/www.taichi-lueth.ch\/index.php?rest_route=\/wp\/v2\/pages\/32","targetHints":{"allow":["GET"]}}],"collection":[{"href":"https:\/\/www.taichi-lueth.ch\/index.php?rest_route=\/wp\/v2\/pages"}],"about":[{"href":"https:\/\/www.taichi-lueth.ch\/index.php?rest_route=\/wp\/v2\/types\/page"}],"author":[{"embeddable":true,"href":"https:\/\/www.taichi-lueth.ch\/index.php?rest_route=\/wp\/v2\/users\/3"}],"replies":[{"embeddable":true,"href":"https:\/\/www.taichi-lueth.ch\/index.php?rest_route=%2Fwp%2Fv2%2Fcomments&post=32"}],"version-history":[{"count":29,"href":"https:\/\/www.taichi-lueth.ch\/index.php?rest_route=\/wp\/v2\/pages\/32\/revisions"}],"predecessor-version":[{"id":1089,"href":"https:\/\/www.taichi-lueth.ch\/index.php?rest_route=\/wp\/v2\/pages\/32\/revisions\/1089"}],"wp:attachment":[{"href":"https:\/\/www.taichi-lueth.ch\/index.php?rest_route=%2Fwp%2Fv2%2Fmedia&parent=32"}],"curies":[{"name":"wp","href":"https:\/\/api.w.org\/{rel}","templated":true}]}}