{"id":27,"date":"2011-12-28T13:09:30","date_gmt":"2011-12-28T13:09:30","guid":{"rendered":"http:\/\/www.taichi-lueth.ch\/?page_id=27"},"modified":"2021-03-11T09:34:42","modified_gmt":"2021-03-11T09:34:42","slug":"engagements","status":"publish","type":"page","link":"https:\/\/www.taichi-lueth.ch\/?page_id=27","title":{"rendered":"Engagements"},"content":{"rendered":"<p>&nbsp;<\/p>\n<table border=\"0\">\n<tbody>\n<tr>\n<td><\/td>\n<td>\n<h2>Engagements<\/h2>\n<\/td>\n<td><img loading=\"lazy\" decoding=\"async\" src=\"http:\/\/www.taichi-lueth.ch\/wp-content\/uploads\/2011\/12\/faecher.jpg\" alt=\"\" width=\"150\" height=\"64\" align=\"right\" \/><\/td>\n<\/tr>\n<tr>\n<td><\/td>\n<td colspan=\"2\"><strong><strong><strong>Angebote f\u00fcr Firmen, Schulen, Vereine usw.<\/strong><\/strong><\/strong>Gerne lasse ich mich engagieren, zum Beispiel lektionenweise (45 Min \u2013 bis 120 Min), f\u00fcr halbe Tage, ganze Tage, Wochenend-Workshops \u2026 \u2026 \u2026<strong>Wirkung:<\/strong> Qigong und Tai Chi f\u00fchren zu Entspannung, innerer Ruhe, klarem Geist\/klarem Denken\/geistiger Frische und mehr Vitalit\u00e4t (die Batterien werden aufgeladen, das Qi vermehrt).Im <strong>Qigong<\/strong> erlernen wir spezifische Uebungen f\u00fcr alle Organe sowie f\u00fcr Nacken, Schulterg\u00fcrtel, R\u00fccken, Gelenke \u2026 Je nach Bed\u00fcrfnis der Teilnehmer\/innen k\u00f6nnen die Qigong &#8211; \u00dcbungen gezielt therapeutisch ausgerichtet werden z.B. vermehrte Unterst\u00fctzung des Herzkreislauf, oder Entstressen oder Schulterg\u00fcrtel-Nackenbereich stark ber\u00fccksichtigen oder \u2026 \u2026 \u2026 .<\/p>\n<p><strong>W\u00fcnsche<\/strong> d\u00fcrfen gerne angebracht werden (im Unterricht selber oder vorher bis nachher)<\/p>\n<p>Im<strong> Tai Chi<\/strong> \u00f6ffnen wir uns dem sanften Bewegungsfluss und finden so zu Harmonie, Ruhe und Entspannung. Wir st\u00e4rken den K\u00f6rper, machen gesundheitliche Vorsorge.<\/p>\n<p><strong>Unterrichtsorte:<\/strong> Tai Chi und Qigong k\u00f6nnen im Sommer \u2013 bei etwas Wettergl\u00fcck &#8211; in der Natur stattfinden oder Indoor (ein grosser leerer Raum gen\u00fcgt). Grunds\u00e4tzlich unterrichte ich in der Stadt Bern. Spezialvereinbarungen f\u00fcr andere Orte auf Anfrage.<\/p>\n<p><strong>Anzahl Teilnehmer:<\/strong> max. 30 Teilnehmer<\/p>\n<p><strong>Kosten:<\/strong> nach Anfrage<\/td>\n<\/tr>\n<tr>\n<td><\/td>\n<td><strong>Beispiele bisheriger Engagements:<\/strong><\/p>\n<ul>\n<li>Swissmedic, Bern<\/li>\n<li>Musikschule Biel, SMPV Sektion Biel \/ Jura<\/li>\n<li>Wohnschule Dentenberg<\/li>\n<li>Nestl\u00e9 usw.<\/li>\n<\/ul>\n<p>&nbsp;<\/p>\n<p>&nbsp;<\/p>\n<p>&nbsp;<\/p>\n<p>&nbsp;<\/p>\n<p>&nbsp;<\/p>\n<p>&nbsp;<\/p>\n<p>&nbsp;<\/td>\n<td>\u00a0<a href=\"http:\/\/www.taichi-lueth.ch\/wp-content\/uploads\/2011\/12\/Wochenend.jpg\"><img loading=\"lazy\" decoding=\"async\" title=\"Wochenend\" src=\"http:\/\/www.taichi-lueth.ch\/wp-content\/uploads\/2011\/12\/Wochenend.jpg\" alt=\"\" width=\"159\" height=\"354\" \/><\/a><\/td>\n<\/tr>\n<\/tbody>\n<\/table>\n","protected":false},"excerpt":{"rendered":"<p>&nbsp; Engagements Angebote f\u00fcr Firmen, Schulen, Vereine usw.Gerne lasse ich mich engagieren, zum Beispiel lektionenweise (45 Min \u2013 bis 120 Min), f\u00fcr halbe Tage, ganze Tage, Wochenend-Workshops \u2026 \u2026 \u2026Wirkung: Qigong und Tai Chi f\u00fchren zu Entspannung, innerer Ruhe, klarem Geist\/klarem Denken\/geistiger Frische und mehr Vitalit\u00e4t (die Batterien werden aufgeladen, das Qi vermehrt).Im Qigong erlernen [&hellip;]<\/p>\n","protected":false},"author":3,"featured_media":0,"parent":0,"menu_order":0,"comment_status":"closed","ping_status":"closed","template":"","meta":{"footnotes":""},"class_list":["post-27","page","type-page","status-publish","hentry"],"_links":{"self":[{"href":"https:\/\/www.taichi-lueth.ch\/index.php?rest_route=\/wp\/v2\/pages\/27","targetHints":{"allow":["GET"]}}],"collection":[{"href":"https:\/\/www.taichi-lueth.ch\/index.php?rest_route=\/wp\/v2\/pages"}],"about":[{"href":"https:\/\/www.taichi-lueth.ch\/index.php?rest_route=\/wp\/v2\/types\/page"}],"author":[{"embeddable":true,"href":"https:\/\/www.taichi-lueth.ch\/index.php?rest_route=\/wp\/v2\/users\/3"}],"replies":[{"embeddable":true,"href":"https:\/\/www.taichi-lueth.ch\/index.php?rest_route=%2Fwp%2Fv2%2Fcomments&post=27"}],"version-history":[{"count":45,"href":"https:\/\/www.taichi-lueth.ch\/index.php?rest_route=\/wp\/v2\/pages\/27\/revisions"}],"predecessor-version":[{"id":1233,"href":"https:\/\/www.taichi-lueth.ch\/index.php?rest_route=\/wp\/v2\/pages\/27\/revisions\/1233"}],"wp:attachment":[{"href":"https:\/\/www.taichi-lueth.ch\/index.php?rest_route=%2Fwp%2Fv2%2Fmedia&parent=27"}],"curies":[{"name":"wp","href":"https:\/\/api.w.org\/{rel}","templated":true}]}}