{"id":13,"date":"2011-12-28T11:18:27","date_gmt":"2011-12-28T11:18:27","guid":{"rendered":"http:\/\/www.taichi-lueth.ch\/?page_id=13"},"modified":"2021-03-11T09:37:24","modified_gmt":"2021-03-11T09:37:24","slug":"qigong","status":"publish","type":"page","link":"https:\/\/www.taichi-lueth.ch\/?page_id=13","title":{"rendered":"Qigong"},"content":{"rendered":"<table border=\"0\">\n<tbody>\n<tr>\n<td><\/td>\n<td>\n<h2>Qigong<\/h2>\n<p>&nbsp;<\/td>\n<td><img loading=\"lazy\" decoding=\"async\" src=\"http:\/\/www.taichi-lueth.ch\/wp-content\/uploads\/2011\/12\/faecher.jpg\" alt=\"\" width=\"150\" height=\"64\" align=\"right\" \/><\/td>\n<\/tr>\n<tr>\n<td><\/td>\n<td colspan=\"2\">Das medizinische Qigong ist ein Teil der traditionellen chinesischen Medizin. Qigong insgesamt ist ein Weg zu Gesundheit und Lebensfreude, Vitalit\u00e4t und Ausgeglichenheit. Die \u00dcbungen wirken kr\u00e4ftigend und harmonisierend, Energiestaus werden gel\u00f6st, die Selbstheilungskr\u00e4fte gef\u00f6rdert, der Mensch kommt in Einklang mit sich selbst. Qigong kann sehr gezielt therapeutisch eingesetzt werden f\u00fcr spezielle gesundheitliche Probleme oder, wie das Tai Chi, vorbeugend praktiziert werden. \u00a0 <strong>Die Unterrichtsziele an der Schule von Doris Lueth <\/strong><\/p>\n<ul>\n<li>Unterst\u00fctzung des k\u00f6rperlichen und seelisch-geistigen Wohlbefindens<\/li>\n<li>Gesundheitliche Wirkungen der \u00dcbungen kennen lernen, als m\u00f6gliche Hilfe zur Selbsthilfe<\/li>\n<li>Schulung des K\u00f6rperbewusstseins und der Achtsamkeit<\/li>\n<li>Zur eigenen inneren Ruhe finden<\/li>\n<\/ul>\n<p>Kurze Texte\/Gedichte zum Abschluss des Unterrichts f\u00fchren ein in den philosophischen Hintergrund.<\/td>\n<\/tr>\n<tr>\n<td><\/td>\n<td>Details zu den vermittelten Qigong-\u00dcbungsreihen in: <a href=\"http:\/\/www.taichi-lueth.ch\/?page_id=55\">Qigong Repertoire<\/a><\/td>\n<td>\u00a0<a href=\"http:\/\/www.taichi-lueth.ch\/wp-content\/uploads\/2011\/12\/qigong.jpg\"><img loading=\"lazy\" decoding=\"async\" title=\"qigong\" src=\"http:\/\/www.taichi-lueth.ch\/wp-content\/uploads\/2011\/12\/qigong.jpg\" alt=\"\" width=\"173\" height=\"163\" \/><\/a><\/td>\n<\/tr>\n<\/tbody>\n<\/table>\n","protected":false},"excerpt":{"rendered":"<p>Qigong &nbsp; Das medizinische Qigong ist ein Teil der traditionellen chinesischen Medizin. Qigong insgesamt ist ein Weg zu Gesundheit und Lebensfreude, Vitalit\u00e4t und Ausgeglichenheit. Die \u00dcbungen wirken kr\u00e4ftigend und harmonisierend, Energiestaus werden gel\u00f6st, die Selbstheilungskr\u00e4fte gef\u00f6rdert, der Mensch kommt in Einklang mit sich selbst. Qigong kann sehr gezielt therapeutisch eingesetzt werden f\u00fcr spezielle gesundheitliche Probleme [&hellip;]<\/p>\n","protected":false},"author":3,"featured_media":0,"parent":0,"menu_order":0,"comment_status":"closed","ping_status":"closed","template":"","meta":{"footnotes":""},"class_list":["post-13","page","type-page","status-publish","hentry"],"_links":{"self":[{"href":"https:\/\/www.taichi-lueth.ch\/index.php?rest_route=\/wp\/v2\/pages\/13","targetHints":{"allow":["GET"]}}],"collection":[{"href":"https:\/\/www.taichi-lueth.ch\/index.php?rest_route=\/wp\/v2\/pages"}],"about":[{"href":"https:\/\/www.taichi-lueth.ch\/index.php?rest_route=\/wp\/v2\/types\/page"}],"author":[{"embeddable":true,"href":"https:\/\/www.taichi-lueth.ch\/index.php?rest_route=\/wp\/v2\/users\/3"}],"replies":[{"embeddable":true,"href":"https:\/\/www.taichi-lueth.ch\/index.php?rest_route=%2Fwp%2Fv2%2Fcomments&post=13"}],"version-history":[{"count":23,"href":"https:\/\/www.taichi-lueth.ch\/index.php?rest_route=\/wp\/v2\/pages\/13\/revisions"}],"predecessor-version":[{"id":1234,"href":"https:\/\/www.taichi-lueth.ch\/index.php?rest_route=\/wp\/v2\/pages\/13\/revisions\/1234"}],"wp:attachment":[{"href":"https:\/\/www.taichi-lueth.ch\/index.php?rest_route=%2Fwp%2Fv2%2Fmedia&parent=13"}],"curies":[{"name":"wp","href":"https:\/\/api.w.org\/{rel}","templated":true}]}}